{"id":1359,"date":"2023-03-16T18:03:34","date_gmt":"2023-03-16T16:03:34","guid":{"rendered":"https:\/\/www.barbara-wenz.de\/?page_id=1359"},"modified":"2023-04-03T14:35:00","modified_gmt":"2023-04-03T12:35:00","slug":"ich-schreibe-ihre-biografie","status":"publish","type":"page","link":"https:\/\/www.barbara-wenz.de\/?page_id=1359","title":{"rendered":"Ich schreibe Ihre Biografie"},"content":{"rendered":"<p>Seit \u00fcber 20 Jahren arbeite ich als freie Autorin, freie Journalistin und freie Lektorin.<br \/>\nDie Lust am Biografie-Schreiben entdeckte ich durch ungez\u00e4hlte <a href=\"https:\/\/www.barbara-wenz.de\/?p=1335\" rel=\"noopener\" target=\"_blank\">Gespr\u00e4che mit meinem Gro\u00dfonkel<\/a>, der als Soldat der Wehrmacht an s\u00e4mtlichen ma\u00dfgeblichen Fronten des Zweiten Weltkriegs im Einsatz war. Leider konnten wir unser gemeinsames Projekt nicht mehr umsetzen.<br \/>\nGl\u00fccklicherweise hat nicht jeder oder jede einen solche dramatischen Lebenslauf: Manch einer oder eine blickt auf ein Leben zur\u00fcck, in dem es durchaus auch Herausforderungen zu meistern gab, an denen man gewachsen ist. Vielleicht sind jetzt Kinder oder sogar Enkel da, denen man in einer Art verschriftlichter Essenz etwas Spirituelles, ein Res\u00fcmee seines Lebens \u00fcberreichen und somit weitergeben m\u00f6chte.<br \/>\nVielleicht haben Sie auch eine ganz andere Motivation, Ihre Lebenserinnerungen in Buchform niedergeschrieben sehen zu wollen.<br \/>\nM\u00f6glicherweise k\u00f6nnen Sie sich relativ gut schriftlich ausdr\u00fccken und schreiben selbst sehr gerne. Dann kann ich Ihnen helfen, einen roten Faden zu finden und Sie w\u00e4hrend des Schreibprozesses begleiten, motivieren und ermutigen. Ich kann Ihnen Tipps zur Herangehensweise geben, Ihnen helfen, Ihre Notizen zu strukturieren und in eine literarische Form zu bringen. Im vergangenen Jahr durfte ich hierbei die aus Funk und Fernsehen bekannte <a href=\"https:\/\/www.barbara-wenz.de\/?p=1321\" rel=\"noopener\" target=\"_blank\">Esther Diederich erfolgreich begleiten<\/a>. Ein wichtiges Anliegen war mir gerade bei Esther, dass ihre authentische erz\u00e4hlerische Tonlage erhalten bleibt. Wir hatten sehr viel Freude w\u00e4hrend unseres gemeinsamen Projektes. <\/p>\n<p>Wenn Sie gar keinen Zugang zum Schreiben besitzen, k\u00f6nnen wir in mehreren Sitzungen Ihre Erinnerungen digital aufzeichnen und ich verschriftliche und\/oder bearbeite diese professionell, sodass Sie am Ende eine druckf\u00e4hige Datei Ihres Manuskripts besitzen. <\/p>\n<p>Wie geht es weiter?<br \/>\nAls versierte Lektorin kann ich Sie selbstverst\u00e4ndlich auch in der Frage beraten, welche Publikationsm\u00f6glichkeiten es gibt und welche f\u00fcr Sie sinnvoll sind. Hier spreche ich Empfehlungen aus, nehme auf Wunsch auch Kontakt mit Literaturagenten oder Verlagen auf.<\/p>\n<p>Und wie beginnen wir?<br \/>\nMit einem ausf\u00fchrlichen und unverbindlichen Beratungsgespr\u00e4ch, in dessen Verlauf wir herausfinden, wie wir Ihre Vorstellungen gemeinsam umsetzen k\u00f6nnen. Daran schlie\u00dft sich ein individuell auf Sie zugeschnittenes Angebot an. <\/p>\n<p>Kontakt: b.wenz1967[at]gmail.com<br \/>\nDie eckigen Klammern bitte weglassen.<\/p>\n","protected":false},"excerpt":{"rendered":"<p>Seit \u00fcber 20 Jahren arbeite ich als freie Autorin, freie Journalistin und freie Lektorin. Die Lust am Biografie-Schreiben entdeckte ich durch ungez\u00e4hlte Gespr\u00e4che mit meinem Gro\u00dfonkel, der als Soldat der Wehrmacht an s\u00e4mtlichen ma\u00dfgeblichen Fronten des Zweiten Weltkriegs im Einsatz war. Leider konnten wir unser gemeinsames Projekt nicht mehr umsetzen. Gl\u00fccklicherweise hat nicht jeder oder [&hellip;]<\/p>\n","protected":false},"author":2,"featured_media":0,"parent":0,"menu_order":0,"comment_status":"closed","ping_status":"closed","template":"","meta":{"footnotes":""},"class_list":["post-1359","page","type-page","status-publish","hentry"],"_links":{"self":[{"href":"https:\/\/www.barbara-wenz.de\/index.php?rest_route=\/wp\/v2\/pages\/1359","targetHints":{"allow":["GET"]}}],"collection":[{"href":"https:\/\/www.barbara-wenz.de\/index.php?rest_route=\/wp\/v2\/pages"}],"about":[{"href":"https:\/\/www.barbara-wenz.de\/index.php?rest_route=\/wp\/v2\/types\/page"}],"author":[{"embeddable":true,"href":"https:\/\/www.barbara-wenz.de\/index.php?rest_route=\/wp\/v2\/users\/2"}],"replies":[{"embeddable":true,"href":"https:\/\/www.barbara-wenz.de\/index.php?rest_route=%2Fwp%2Fv2%2Fcomments&post=1359"}],"version-history":[{"count":9,"href":"https:\/\/www.barbara-wenz.de\/index.php?rest_route=\/wp\/v2\/pages\/1359\/revisions"}],"predecessor-version":[{"id":1369,"href":"https:\/\/www.barbara-wenz.de\/index.php?rest_route=\/wp\/v2\/pages\/1359\/revisions\/1369"}],"wp:attachment":[{"href":"https:\/\/www.barbara-wenz.de\/index.php?rest_route=%2Fwp%2Fv2%2Fmedia&parent=1359"}],"curies":[{"name":"wp","href":"https:\/\/api.w.org\/{rel}","templated":true}]}}